{"id":704,"date":"2024-06-28T08:58:13","date_gmt":"2024-06-28T08:58:13","guid":{"rendered":"https:\/\/old-home-new.com\/?page_id=704"},"modified":"2025-05-21T08:47:48","modified_gmt":"2025-05-21T08:47:48","slug":"imprint","status":"publish","type":"page","link":"https:\/\/old-home-new.com\/de\/imprint\/","title":{"rendered":"Impressum"},"content":{"rendered":"<div data-elementor-type=\"wp-page\" data-elementor-id=\"704\" class=\"elementor elementor-704\" data-elementor-settings=\"{&quot;ha_cmc_init_switcher&quot;:&quot;no&quot;}\" data-elementor-post-type=\"page\">\n\t\t\t\t\t\t<section class=\"elementor-section elementor-top-section elementor-element elementor-element-9ece450 elementor-section-boxed elementor-section-height-default elementor-section-height-default\" data-id=\"9ece450\" data-element_type=\"section\" data-e-type=\"section\" data-settings=\"{&quot;background_background&quot;:&quot;classic&quot;,&quot;_ha_eqh_enable&quot;:false}\">\n\t\t\t\t\t\t<div class=\"elementor-container elementor-column-gap-default\">\n\t\t\t\t\t<div class=\"elementor-column elementor-col-100 elementor-top-column elementor-element elementor-element-93120a0\" data-id=\"93120a0\" data-element_type=\"column\" data-e-type=\"column\">\n\t\t\t<div class=\"elementor-widget-wrap elementor-element-populated\">\n\t\t\t\t\t\t<div class=\"elementor-element elementor-element-5e4f0dd elementor-widget elementor-widget-spacer\" data-id=\"5e4f0dd\" data-element_type=\"widget\" data-e-type=\"widget\" data-widget_type=\"spacer.default\">\n\t\t\t\t<div class=\"elementor-widget-container\">\n\t\t\t\t\t\t\t<div class=\"elementor-spacer\">\n\t\t\t<div class=\"elementor-spacer-inner\"><\/div>\n\t\t<\/div>\n\t\t\t\t\t\t<\/div>\n\t\t\t\t<\/div>\n\t\t\t\t<div class=\"elementor-element elementor-element-604da20 elementor-widget elementor-widget-spacer\" data-id=\"604da20\" data-element_type=\"widget\" data-e-type=\"widget\" data-widget_type=\"spacer.default\">\n\t\t\t\t<div class=\"elementor-widget-container\">\n\t\t\t\t\t\t\t<div class=\"elementor-spacer\">\n\t\t\t<div class=\"elementor-spacer-inner\"><\/div>\n\t\t<\/div>\n\t\t\t\t\t\t<\/div>\n\t\t\t\t<\/div>\n\t\t\t\t<div class=\"elementor-element elementor-element-d357a30 elementor-widget elementor-widget-heading\" data-id=\"d357a30\" data-element_type=\"widget\" data-e-type=\"widget\" data-widget_type=\"heading.default\">\n\t\t\t\t<div class=\"elementor-widget-container\">\n\t\t\t\t\t<h2 class=\"elementor-heading-title elementor-size-default\">Impressum<\/h2>\t\t\t\t<\/div>\n\t\t\t\t<\/div>\n\t\t\t\t<div class=\"elementor-element elementor-element-94c49cd elementor-widget elementor-widget-spacer\" data-id=\"94c49cd\" data-element_type=\"widget\" data-e-type=\"widget\" data-widget_type=\"spacer.default\">\n\t\t\t\t<div class=\"elementor-widget-container\">\n\t\t\t\t\t\t\t<div class=\"elementor-spacer\">\n\t\t\t<div class=\"elementor-spacer-inner\"><\/div>\n\t\t<\/div>\n\t\t\t\t\t\t<\/div>\n\t\t\t\t<\/div>\n\t\t\t\t\t<\/div>\n\t\t<\/div>\n\t\t\t\t\t<\/div>\n\t\t<\/section>\n\t\t\t\t<section class=\"elementor-section elementor-top-section elementor-element elementor-element-3d39a7a elementor-section-boxed elementor-section-height-default elementor-section-height-default\" data-id=\"3d39a7a\" data-element_type=\"section\" data-e-type=\"section\" data-settings=\"{&quot;_ha_eqh_enable&quot;:false}\">\n\t\t\t\t\t\t<div class=\"elementor-container elementor-column-gap-default\">\n\t\t\t\t\t<div class=\"elementor-column elementor-col-100 elementor-top-column elementor-element elementor-element-73e3f87\" data-id=\"73e3f87\" data-element_type=\"column\" data-e-type=\"column\">\n\t\t\t<div class=\"elementor-widget-wrap elementor-element-populated\">\n\t\t\t\t\t\t<div class=\"elementor-element elementor-element-8f280e7 elementor-widget elementor-widget-spacer\" data-id=\"8f280e7\" data-element_type=\"widget\" data-e-type=\"widget\" data-widget_type=\"spacer.default\">\n\t\t\t\t<div class=\"elementor-widget-container\">\n\t\t\t\t\t\t\t<div class=\"elementor-spacer\">\n\t\t\t<div class=\"elementor-spacer-inner\"><\/div>\n\t\t<\/div>\n\t\t\t\t\t\t<\/div>\n\t\t\t\t<\/div>\n\t\t\t\t<div class=\"elementor-element elementor-element-9c1f5d7 elementor-widget elementor-widget-heading\" data-id=\"9c1f5d7\" data-element_type=\"widget\" data-e-type=\"widget\" data-widget_type=\"heading.default\">\n\t\t\t\t<div class=\"elementor-widget-container\">\n\t\t\t\t\t<h2 class=\"elementor-heading-title elementor-size-default\">Verantwortlich f\u00fcr diese Website:<\/h2>\t\t\t\t<\/div>\n\t\t\t\t<\/div>\n\t\t\t\t<div class=\"elementor-element elementor-element-c12e3a0 elementor-widget elementor-widget-text-editor\" data-id=\"c12e3a0\" data-element_type=\"widget\" data-e-type=\"widget\" data-widget_type=\"text-editor.default\">\n\t\t\t\t<div class=\"elementor-widget-container\">\n\t\t\t\t\t\t\t\t\t<p><strong>Informationen nach \u00a7 5 TMG:<\/strong><\/p>\n<p>old Home new GmbH<\/p>\n<p>Postbrookstra\u00dfe 75<\/p>\n<p>27574 Bremerhaven<\/p>\n<p><strong>Vertreten durch:<\/strong><\/p>\n<p>Lutz H. Reinhardt<\/p>\n<p>David L\u00f6rincz<\/p>\n<p><strong>Kontakt:<\/strong><\/p>\n<p>E-Mail: <a href=\"mailto:contact@old-home-new.com\">contact@old-home-new.com<\/a><\/p>\n<p>Telefon: <a href=\"tel:+49 (0) 4719 5215770\">+49 (0) 4719 5215770<\/a><\/p>\n<p><strong>Registereintrag:<\/strong><\/p>\n<p>Eintragung in das Handelsregister.<\/p>\n<p>Registergericht: Landgericht Bremen<\/p>\n<p>Registernummer: HRB 39908 HB<\/p>\n<p><strong>UMSATZSTEUER-ID:<\/strong><\/p>\n<p>Umsatzsteuer-Identifikationsnummer gem\u00e4\u00df \u00a7 27 a Umsatzsteuergesetz:<\/p>\n<p>DE367577226<\/p>\n<p><strong>Bekanntmachung \u00fcber die EU-Streitbeilegung<\/strong><\/p>\n<p>Die Europ\u00e4ische Kommission stellt eine Plattform f\u00fcr die Online-Streitbeilegung (OS) zur Verf\u00fcgung: https:\/\/ec.europa.eu\/consumers\/odr<\/p>\n<p>Unsere E-Mail Adresse finden Sie oben im Impressum.<\/p>\n<p><strong>Haftungsausschluss<\/strong><\/p>\n<p><strong>Haftung f\u00fcr Inhalte<\/strong><\/p>\n<p>Als Diensteanbieter sind wir gem\u00e4\u00df \u00a7 7 Abs.1 TMG f\u00fcr eigene Inhalte auf diesen Seiten nach den allgemeinen Gesetzen verantwortlich. Nach \u00a7\u00a7 8 bis 10 TMG sind wir als Diensteanbieter jedoch nicht verpflichtet, \u00fcbermittelte oder gespeicherte fremde Informationen zu \u00fcberwachen oder nach Umst\u00e4nden zu forschen, die auf eine rechtswidrige T\u00e4tigkeit hinweisen. Verpflichtungen zur Entfernung oder Sperrung der Nutzung von Informationen nach den allgemeinen Gesetzen bleiben hiervon unber\u00fchrt. Eine diesbez\u00fcgliche Haftung ist jedoch erst ab dem Zeitpunkt der Kenntnis einer konkreten Rechtsverletzung m\u00f6glich. Bei Bekanntwerden von entsprechenden Rechtsverletzungen werden wir diese Inhalte umgehend entfernen.<\/p>\n<p><strong>Haftung f\u00fcr Links<\/strong><\/p>\n<p>Unser Angebot enth\u00e4lt Links zu externen Webseiten Dritter, auf deren Inhalte wir keinen Einfluss haben. Deshalb k\u00f6nnen wir f\u00fcr diese fremden Inhalte auch keine Gew\u00e4hr \u00fcbernehmen. F\u00fcr die Inhalte der verlinkten Seiten ist stets der jeweilige Anbieter oder Betreiber der Seiten verantwortlich. Die verlinkten Seiten wurden zum Zeitpunkt der Verlinkung auf m\u00f6gliche Rechtsverst\u00f6\u00dfe \u00fcberpr\u00fcft. Rechtswidrige Inhalte waren zum Zeitpunkt der Verlinkung nicht erkennbar. Eine permanente inhaltliche Kontrolle der verlinkten Seiten ist jedoch ohne konkrete Anhaltspunkte einer Rechtsverletzung nicht zumutbar. Bei Bekanntwerden von Rechtsverletzungen werden wir derartige Links umgehend entfernen.<\/p>\n<p><strong>Urheberrecht<\/strong><\/p>\n<p>Die durch die Seitenbetreiber erstellten Inhalte und Werke auf diesen Seiten unterliegen dem deutschen Urheberrecht. Die Vervielf\u00e4ltigung, Bearbeitung, Verbreitung und jede Art der Verwertung au\u00dferhalb der Grenzen des Urheberrechtes bed\u00fcrfen der schriftlichen Zustimmung des jeweiligen Autors bzw. Erstellers. Downloads und Kopien dieser Seite sind nur f\u00fcr den privaten, nicht kommerziellen Gebrauch gestattet. Soweit die Inhalte auf dieser Seite nicht vom Betreiber erstellt wurden, werden die Urheberrechte Dritter beachtet. Insbesondere werden Inhalte Dritter als solche gekennzeichnet. Sollten Sie trotzdem auf eine Urheberrechtsverletzung aufmerksam werden, bitten wir um einen entsprechenden Hinweis. Bei Bekanntwerden von Rechtsverletzungen werden wir derartige Inhalte umgehend entfernen.<\/p>\n<p>Quelle: https:\/\/www.e-recht24.de<\/p>\t\t\t\t\t\t\t\t<\/div>\n\t\t\t\t<\/div>\n\t\t\t\t\t<\/div>\n\t\t<\/div>\n\t\t\t\t\t<\/div>\n\t\t<\/section>\n\t\t\t\t<\/div>","protected":false},"excerpt":{"rendered":"<p>Imprint Responsible for this Website: Information according to \u00a7 5 TMG: old Home new GmbH Postbrookstrasse 75 27574 Bremerhaven Represented by: Lutz H. Reinhardt David L\u00f6rincz Contact: Email: contact@old-home-new.com Phone: +49 (0) 4719 5215770 Register Entry: Entry in the commercial register. Register Court: Bremen District Court Register Number: HRB 39908 HB VAT ID: VAT Identification [&hellip;]<\/p>\n","protected":false},"author":1,"featured_media":0,"parent":0,"menu_order":0,"comment_status":"closed","ping_status":"closed","template":"elementor_header_footer","meta":{"footnotes":""},"class_list":["post-704","page","type-page","status-publish","hentry"],"yoast_head":"<!-- This site is optimized with the Yoast SEO Premium plugin v23.0 (Yoast SEO v27.4) - https:\/\/yoast.com\/product\/yoast-seo-premium-wordpress\/ -->\n<title>Legal Notice \u2013 Old Home New GmbH<\/title>\n<meta name=\"description\" content=\"Find company and contact information for Old Home New GmbH \u2013 in compliance with German and EU legal disclosure requirements.\" \/>\n<meta name=\"robots\" content=\"index, follow, max-snippet:-1, max-image-preview:large, max-video-preview:-1\" \/>\n<link rel=\"canonical\" href=\"https:\/\/old-home-new.com\/de\/imprint\/\" \/>\n<meta property=\"og:locale\" content=\"de_DE\" \/>\n<meta property=\"og:type\" content=\"article\" \/>\n<meta property=\"og:title\" content=\"Imprint\" \/>\n<meta property=\"og:description\" content=\"Find company and contact information for Old Home New GmbH \u2013 in compliance with German and EU legal disclosure requirements.\" \/>\n<meta property=\"og:url\" content=\"https:\/\/old-home-new.com\/de\/imprint\/\" \/>\n<meta property=\"og:site_name\" content=\"Old Home New\" \/>\n<meta property=\"article:modified_time\" content=\"2025-05-21T08:47:48+00:00\" \/>\n<meta name=\"twitter:card\" content=\"summary_large_image\" \/>\n<meta name=\"twitter:label1\" content=\"Gesch\u00e4tzte Lesezeit\" \/>\n\t<meta name=\"twitter:data1\" content=\"2\u00a0Minuten\" \/>\n<script type=\"application\/ld+json\" class=\"yoast-schema-graph\">{\"@context\":\"https:\\\/\\\/schema.org\",\"@graph\":[{\"@type\":\"WebPage\",\"@id\":\"https:\\\/\\\/old-home-new.com\\\/de\\\/imprint\\\/\",\"url\":\"https:\\\/\\\/old-home-new.com\\\/de\\\/imprint\\\/\",\"name\":\"Legal Notice \u2013 Old Home New GmbH\",\"isPartOf\":{\"@id\":\"http:\\\/\\\/old-home-new.com\\\/#website\"},\"datePublished\":\"2024-06-28T08:58:13+00:00\",\"dateModified\":\"2025-05-21T08:47:48+00:00\",\"description\":\"Find company and contact information for Old Home New GmbH \u2013 in compliance with German and EU legal disclosure requirements.\",\"breadcrumb\":{\"@id\":\"https:\\\/\\\/old-home-new.com\\\/de\\\/imprint\\\/#breadcrumb\"},\"inLanguage\":\"de\",\"potentialAction\":[{\"@type\":\"ReadAction\",\"target\":[\"https:\\\/\\\/old-home-new.com\\\/de\\\/imprint\\\/\"]}]},{\"@type\":\"BreadcrumbList\",\"@id\":\"https:\\\/\\\/old-home-new.com\\\/de\\\/imprint\\\/#breadcrumb\",\"itemListElement\":[{\"@type\":\"ListItem\",\"position\":1,\"name\":\"Home\",\"item\":\"http:\\\/\\\/old-home-new.com\\\/\"},{\"@type\":\"ListItem\",\"position\":2,\"name\":\"Imprint\"}]},{\"@type\":\"WebSite\",\"@id\":\"http:\\\/\\\/old-home-new.com\\\/#website\",\"url\":\"http:\\\/\\\/old-home-new.com\\\/\",\"name\":\"Old Home New\",\"description\":\"Old Home New\",\"publisher\":{\"@id\":\"http:\\\/\\\/old-home-new.com\\\/#organization\"},\"potentialAction\":[{\"@type\":\"SearchAction\",\"target\":{\"@type\":\"EntryPoint\",\"urlTemplate\":\"http:\\\/\\\/old-home-new.com\\\/?s={search_term_string}\"},\"query-input\":{\"@type\":\"PropertyValueSpecification\",\"valueRequired\":true,\"valueName\":\"search_term_string\"}}],\"inLanguage\":\"de\"},{\"@type\":\"Organization\",\"@id\":\"http:\\\/\\\/old-home-new.com\\\/#organization\",\"name\":\"old Home new GmbH\",\"url\":\"http:\\\/\\\/old-home-new.com\\\/\",\"logo\":{\"@type\":\"ImageObject\",\"inLanguage\":\"de\",\"@id\":\"http:\\\/\\\/old-home-new.com\\\/#\\\/schema\\\/logo\\\/image\\\/\",\"url\":\"https:\\\/\\\/old-home-new.com\\\/wp-content\\\/uploads\\\/2024\\\/06\\\/OHN-Logo-Registered.png\",\"contentUrl\":\"https:\\\/\\\/old-home-new.com\\\/wp-content\\\/uploads\\\/2024\\\/06\\\/OHN-Logo-Registered.png\",\"width\":1600,\"height\":800,\"caption\":\"old Home new GmbH\"},\"image\":{\"@id\":\"http:\\\/\\\/old-home-new.com\\\/#\\\/schema\\\/logo\\\/image\\\/\"},\"sameAs\":[\"https:\\\/\\\/www.instagram.com\\\/oldhomenew_com\\\/\"]}]}<\/script>\n<!-- \/ Yoast SEO Premium plugin. -->","yoast_head_json":{"title":"Impressum - Alte Heimat Neue GmbH","description":"Finden Sie Firmen- und Kontaktdaten der Old Home New GmbH - in \u00dcbereinstimmung mit den deutschen und EU-rechtlichen Offenlegungspflichten.","robots":{"index":"index","follow":"follow","max-snippet":"max-snippet:-1","max-image-preview":"max-image-preview:large","max-video-preview":"max-video-preview:-1"},"canonical":"https:\/\/old-home-new.com\/de\/imprint\/","og_locale":"de_DE","og_type":"article","og_title":"Imprint","og_description":"Find company and contact information for Old Home New GmbH \u2013 in compliance with German and EU legal disclosure requirements.","og_url":"https:\/\/old-home-new.com\/de\/imprint\/","og_site_name":"Old Home New","article_modified_time":"2025-05-21T08:47:48+00:00","twitter_card":"summary_large_image","twitter_misc":{"Gesch\u00e4tzte Lesezeit":"2\u00a0Minuten"},"schema":{"@context":"https:\/\/schema.org","@graph":[{"@type":"WebPage","@id":"https:\/\/old-home-new.com\/de\/imprint\/","url":"https:\/\/old-home-new.com\/de\/imprint\/","name":"Impressum - Alte Heimat Neue GmbH","isPartOf":{"@id":"http:\/\/old-home-new.com\/#website"},"datePublished":"2024-06-28T08:58:13+00:00","dateModified":"2025-05-21T08:47:48+00:00","description":"Finden Sie Firmen- und Kontaktdaten der Old Home New GmbH - in \u00dcbereinstimmung mit den deutschen und EU-rechtlichen Offenlegungspflichten.","breadcrumb":{"@id":"https:\/\/old-home-new.com\/de\/imprint\/#breadcrumb"},"inLanguage":"de","potentialAction":[{"@type":"ReadAction","target":["https:\/\/old-home-new.com\/de\/imprint\/"]}]},{"@type":"BreadcrumbList","@id":"https:\/\/old-home-new.com\/de\/imprint\/#breadcrumb","itemListElement":[{"@type":"ListItem","position":1,"name":"Home","item":"http:\/\/old-home-new.com\/"},{"@type":"ListItem","position":2,"name":"Imprint"}]},{"@type":"WebSite","@id":"http:\/\/old-home-new.com\/#website","url":"http:\/\/old-home-new.com\/","name":"Alte Heimat Neu","description":"Alte Heimat Neu","publisher":{"@id":"http:\/\/old-home-new.com\/#organization"},"potentialAction":[{"@type":"SearchAction","target":{"@type":"EntryPoint","urlTemplate":"http:\/\/old-home-new.com\/?s={search_term_string}"},"query-input":{"@type":"PropertyValueSpecification","valueRequired":true,"valueName":"search_term_string"}}],"inLanguage":"de"},{"@type":"Organization","@id":"http:\/\/old-home-new.com\/#organization","name":"old Home new GmbH","url":"http:\/\/old-home-new.com\/","logo":{"@type":"ImageObject","inLanguage":"de","@id":"http:\/\/old-home-new.com\/#\/schema\/logo\/image\/","url":"https:\/\/old-home-new.com\/wp-content\/uploads\/2024\/06\/OHN-Logo-Registered.png","contentUrl":"https:\/\/old-home-new.com\/wp-content\/uploads\/2024\/06\/OHN-Logo-Registered.png","width":1600,"height":800,"caption":"old Home new GmbH"},"image":{"@id":"http:\/\/old-home-new.com\/#\/schema\/logo\/image\/"},"sameAs":["https:\/\/www.instagram.com\/oldhomenew_com\/"]}]}},"_links":{"self":[{"href":"https:\/\/old-home-new.com\/de\/wp-json\/wp\/v2\/pages\/704","targetHints":{"allow":["GET"]}}],"collection":[{"href":"https:\/\/old-home-new.com\/de\/wp-json\/wp\/v2\/pages"}],"about":[{"href":"https:\/\/old-home-new.com\/de\/wp-json\/wp\/v2\/types\/page"}],"author":[{"embeddable":true,"href":"https:\/\/old-home-new.com\/de\/wp-json\/wp\/v2\/users\/1"}],"replies":[{"embeddable":true,"href":"https:\/\/old-home-new.com\/de\/wp-json\/wp\/v2\/comments?post=704"}],"version-history":[{"count":1,"href":"https:\/\/old-home-new.com\/de\/wp-json\/wp\/v2\/pages\/704\/revisions"}],"predecessor-version":[{"id":3178,"href":"https:\/\/old-home-new.com\/de\/wp-json\/wp\/v2\/pages\/704\/revisions\/3178"}],"wp:attachment":[{"href":"https:\/\/old-home-new.com\/de\/wp-json\/wp\/v2\/media?parent=704"}],"curies":[{"name":"wp","href":"https:\/\/api.w.org\/{rel}","templated":true}]}}